{"id":10,"date":"2026-04-11T07:47:08","date_gmt":"2026-04-11T05:47:08","guid":{"rendered":"https:\/\/finanzen-reimer.de\/ueber-mich\/"},"modified":"2026-04-20T21:10:16","modified_gmt":"2026-04-20T19:10:16","slug":"ueber-mich","status":"publish","type":"page","link":"https:\/\/finanzen-reimer.de\/ru\/ueber-mich\/","title":{"rendered":"\u041e \u0441\u0435\u0431\u0435"},"content":{"rendered":"<div class=\"wp-block-group alignfull has-global-padding is-layout-constrained wp-block-group-is-layout-constrained\" style=\"margin-top:0;margin-bottom:0;padding-top:var(--wp--preset--spacing--50);padding-bottom:var(--wp--preset--spacing--50)\">\n<div class=\"wp-block-columns alignwide is-layout-flex wp-container-core-columns-is-layout-89463222 wp-block-columns-is-layout-flex\">\n<div class=\"wp-block-column is-vertically-aligned-center is-layout-flow wp-block-column-is-layout-flow\">\n<h2 class=\"wp-block-heading has-xx-large-font-size\">\u0412\u0430\u0448 \u044d\u043a\u0441\u043f\u0435\u0440\u0442 \u043f\u043e \u0444\u0438\u043d\u0430\u043d\u0441\u0430\u043c \u0438 \u0441\u0442\u0440\u0430\u0445\u043e\u0432\u0430\u043d\u0438\u044e<\/h2>\n\n\n\n<p class=\"has-x-large-font-size wp-block-paragraph\" style=\"border-top-color:var(--wp--preset--color--base);border-top-width:20px;border-right-style:none;border-right-width:0px;border-bottom-style:none;border-bottom-width:0px;border-left-style:none;border-left-width:0px\"><strong>\u041a\u0440\u0438\u0441\u0442\u0438\u043d\u0430 \u0420\u0430\u0439\u043c\u0435\u0440<\/strong><\/p>\n\n\n\n<p class=\"wp-block-paragraph\">\u0424\u0438\u043d\u0430\u043d\u0441\u043e\u0432\u044b\u0439 \u044d\u043a\u0441\u043f\u0435\u0440\u0442 (FH)<\/p>\n\n\n\n<p class=\"has-medium-font-size wp-block-paragraph\" style=\"border-top-color:var(--wp--preset--color--base);border-top-width:10px\">\u0411\u043e\u043b\u0435\u0435 20 \u043b\u0435\u0442 \u044f \u0440\u0430\u0431\u043e\u0442\u0430\u044e \u0432 \u0441\u0444\u0435\u0440\u0435 \u0441\u0442\u0440\u0430\u0445\u043e\u0432\u0430\u043d\u0438\u044f \u0438 \u043a\u0440\u0435\u0434\u0438\u0442\u043e\u0432\u0430\u043d\u0438\u044f, \u043f\u043e\u043c\u043e\u0433\u0430\u044f \u043b\u044e\u0434\u044f\u043c \u0441\u043e\u0437\u0434\u0430\u0432\u0430\u0442\u044c \u0443\u0432\u0435\u0440\u0435\u043d\u043d\u043e\u0435 \u0438 \u043f\u043e\u043d\u044f\u0442\u043d\u043e\u0435 \u0444\u0438\u043d\u0430\u043d\u0441\u043e\u0432\u043e\u0435 \u0431\u0443\u0434\u0443\u0449\u0435\u0435.<\/p>\n\n\n\n<ul class=\"wp-block-social-links has-visible-labels is-layout-flex wp-container-core-social-links-is-layout-f98fe51b wp-block-social-links-is-layout-flex\" style=\"margin-top:var(--wp--preset--spacing--30);margin-bottom:var(--wp--preset--spacing--30)\"><li class=\"wp-social-link wp-social-link-linkedin wp-block-social-link\"><a href=\"https:\/\/www.linkedin.com\/in\/kristina-reimer-98706a142\/\" class=\"wp-block-social-link-anchor\"><svg width=\"24\" height=\"24\" viewbox=\"0 0 24 24\" version=\"1.1\" xmlns=\"http:\/\/www.w3.org\/2000\/svg\" aria-hidden=\"true\" focusable=\"false\"><path d=\"M19.7,3H4.3C3.582,3,3,3.582,3,4.3v15.4C3,20.418,3.582,21,4.3,21h15.4c0.718,0,1.3-0.582,1.3-1.3V4.3 C21,3.582,20.418,3,19.7,3z M8.339,18.338H5.667v-8.59h2.672V18.338z M7.004,8.574c-0.857,0-1.549-0.694-1.549-1.548 c0-0.855,0.691-1.548,1.549-1.548c0.854,0,1.547,0.694,1.547,1.548C8.551,7.881,7.858,8.574,7.004,8.574z M18.339,18.338h-2.669 v-4.177c0-0.996-0.017-2.278-1.387-2.278c-1.389,0-1.601,1.086-1.601,2.206v4.249h-2.667v-8.59h2.559v1.174h0.037 c0.356-0.675,1.227-1.387,2.526-1.387c2.703,0,3.203,1.779,3.203,4.092V18.338z\"><\/path><\/svg><span class=\"wp-block-social-link-label\">LinkedIn<\/span><\/a><\/li><\/ul>\n<\/div>\n\n\n\n<div class=\"wp-block-column is-vertically-aligned-center is-layout-flow wp-block-column-is-layout-flow\">\n<figure class=\"wp-block-image size-full\"><img loading=\"lazy\" decoding=\"async\" width=\"800\" height=\"1200\" src=\"https:\/\/finanzen-reimer.de\/wp-content\/uploads\/2026\/04\/Foto-m.-Handy.jpg\" alt=\"\" class=\"wp-image-232\" style=\"aspect-ratio:1;object-fit:cover;object-position:66% 4%\" srcset=\"https:\/\/finanzen-reimer.de\/wp-content\/uploads\/2026\/04\/Foto-m.-Handy.jpg 800w, https:\/\/finanzen-reimer.de\/wp-content\/uploads\/2026\/04\/Foto-m.-Handy-200x300.jpg 200w, https:\/\/finanzen-reimer.de\/wp-content\/uploads\/2026\/04\/Foto-m.-Handy-683x1024.jpg 683w, https:\/\/finanzen-reimer.de\/wp-content\/uploads\/2026\/04\/Foto-m.-Handy-768x1152.jpg 768w\" sizes=\"auto, (max-width: 800px) 100vw, 800px\" \/><\/figure>\n<\/div>\n<\/div>\n<\/div>\n\n\n\n<div class=\"wp-block-group alignfull has-global-padding is-layout-constrained wp-block-group-is-layout-constrained\" style=\"margin-top:0;margin-bottom:0;padding-top:var(--wp--preset--spacing--20);padding-bottom:var(--wp--preset--spacing--20)\">\n<div class=\"wp-block-group alignwide has-global-padding is-layout-constrained wp-block-group-is-layout-constrained\">\n<h3 class=\"wp-block-heading alignwide\">\u0414\u043e\u0432\u0435\u0440\u0438\u0435 \u0447\u0435\u0440\u0435\u0437 \u044f\u0441\u043d\u043e\u0441\u0442\u044c<\/h3>\n\n\n\n<p class=\"alignwide has-medium-font-size wp-block-paragraph\">\u041c\u043e\u044f \u0446\u0435\u043b\u044c \u2014 \u043a\u043e\u043d\u0441\u0443\u043b\u044c\u0442\u0438\u0440\u043e\u0432\u0430\u0442\u044c \u0441\u0432\u043e\u0438\u0445 \u043a\u043b\u0438\u0435\u043d\u0442\u043e\u0432 \u0447\u0435\u0441\u0442\u043d\u043e, \u043f\u0440\u043e\u0437\u0440\u0430\u0447\u043d\u043e \u0438 \u043d\u0435\u0437\u0430\u0432\u0438\u0441\u0438\u043c\u043e.<br>\u0417\u0434\u0435\u0441\u044c \u043d\u0430 \u043f\u0435\u0440\u0432\u043e\u043c \u043c\u0435\u0441\u0442\u0435 \u043d\u0435 \u0431\u044b\u0441\u0442\u0440\u0430\u044f \u0441\u0434\u0435\u043b\u043a\u0430, \u0430 \u0440\u0435\u0448\u0435\u043d\u0438\u0435, \u043a\u043e\u0442\u043e\u0440\u043e\u0435 \u0434\u0435\u0439\u0441\u0442\u0432\u0438\u0442\u0435\u043b\u044c\u043d\u043e \u0441\u043e\u043e\u0442\u0432\u0435\u0442\u0441\u0442\u0432\u0443\u0435\u0442 \u0432\u0430\u0448\u0435\u0439 \u043b\u0438\u0447\u043d\u043e\u0439 \u0441\u0438\u0442\u0443\u0430\u0446\u0438\u0438.<\/p>\n\n\n\n<p class=\"alignwide has-medium-font-size wp-block-paragraph\">\u0423 \u043a\u0430\u0436\u0434\u043e\u0433\u043e \u0447\u0435\u043b\u043e\u0432\u0435\u043a\u0430 \u0441\u0432\u043e\u0438 \u0446\u0435\u043b\u0438, \u0436\u0438\u0437\u043d\u0435\u043d\u043d\u044b\u0435 \u043e\u0431\u0441\u0442\u043e\u044f\u0442\u0435\u043b\u044c\u0441\u0442\u0432\u0430 \u0438 \u043f\u043e\u0442\u0440\u0435\u0431\u043d\u043e\u0441\u0442\u0438 \u2013 \u0438\u043c\u0435\u043d\u043d\u043e \u043f\u043e\u044d\u0442\u043e\u043c\u0443 \u0443 \u043c\u0435\u043d\u044f \u043d\u0435\u0442 \u0441\u0442\u0430\u043d\u0434\u0430\u0440\u0442\u043d\u044b\u0445 \u0440\u0435\u0448\u0435\u043d\u0438\u0439.<\/p>\n<\/div>\n\n\n\n<hr class=\"wp-block-separator alignwide has-text-color has-custom-blau-color has-alpha-channel-opacity has-custom-blau-background-color has-background is-style-wide is-style-wide--1\" style=\"margin-top:var(--wp--preset--spacing--30);margin-bottom:var(--wp--preset--spacing--30)\"\/>\n\n\n\n<div class=\"wp-block-group alignwide has-global-padding is-layout-constrained wp-block-group-is-layout-constrained\">\n<h3 class=\"wp-block-heading alignwide\">\u041c\u043e\u044f \u0444\u0438\u043b\u043e\u0441\u043e\u0444\u0438\u044f<\/h3>\n\n\n\n<p class=\"alignwide has-medium-font-size wp-block-paragraph\">\u042f \u0443\u0431\u0435\u0436\u0434\u0435\u043d, \u0447\u0442\u043e \u0434\u043b\u044f \u0445\u043e\u0440\u043e\u0448\u0435\u0433\u043e \u0444\u0438\u043d\u0430\u043d\u0441\u043e\u0432\u043e\u0433\u043e \u043a\u043e\u043d\u0441\u0443\u043b\u044c\u0442\u0438\u0440\u043e\u0432\u0430\u043d\u0438\u044f \u043f\u0440\u0435\u0436\u0434\u0435 \u0432\u0441\u0435\u0433\u043e \u043d\u0435\u043e\u0431\u0445\u043e\u0434\u0438\u043c\u043e: \u0432\u0440\u0435\u043c\u044f, \u0447\u0435\u0441\u0442\u043d\u043e\u0441\u0442\u044c \u0438 \u043f\u043e\u043d\u0438\u043c\u0430\u043d\u0438\u0435.<\/p>\n\n\n\n<p class=\"alignwide has-medium-font-size wp-block-paragraph\">\u041c\u043d\u0435 \u0432\u0430\u0436\u043d\u043e, \u0447\u0442\u043e\u0431\u044b \u0432\u044b \u043c\u043e\u0433\u043b\u0438 \u043f\u043e\u043d\u0438\u043c\u0430\u0442\u044c \u0441\u0432\u043e\u0438 \u0440\u0435\u0448\u0435\u043d\u0438\u044f \u0438 \u0447\u0443\u0432\u0441\u0442\u0432\u043e\u0432\u0430\u043b\u0438 \u0441\u0435\u0431\u044f \u0432 \u0431\u0435\u0437\u043e\u043f\u0430\u0441\u043d\u043e\u0441\u0442\u0438 \u0432 \u043b\u044e\u0431\u043e\u0435 \u0432\u0440\u0435\u043c\u044f.<br>\u0424\u0438\u043d\u0430\u043d\u0441\u043e\u0432\u044b\u0435 \u0438 \u0441\u0442\u0440\u0430\u0445\u043e\u0432\u044b\u0435 \u0442\u0435\u043c\u044b \u043d\u0435 \u0434\u043e\u043b\u0436\u043d\u044b \u0431\u044b\u0442\u044c \u0441\u043b\u043e\u0436\u043d\u044b\u043c\u0438 \u0438\u043b\u0438 \u043e\u0431\u0440\u0435\u043c\u0435\u043d\u0438\u0442\u0435\u043b\u044c\u043d\u044b\u043c\u0438, \u0430 \u044f\u0441\u043d\u044b\u043c\u0438 \u0438 \u043f\u0440\u0435\u0434\u0441\u043a\u0430\u0437\u0443\u0435\u043c\u044b\u043c\u0438.<\/p>\n<\/div>\n\n\n\n<hr class=\"wp-block-separator alignwide has-text-color has-custom-blau-color has-alpha-channel-opacity has-custom-blau-background-color has-background is-style-wide is-style-wide--2\" style=\"margin-top:var(--wp--preset--spacing--30);margin-bottom:var(--wp--preset--spacing--30)\"\/>\n\n\n\n<div class=\"wp-block-group alignwide has-global-padding is-layout-constrained wp-block-group-is-layout-constrained\">\n<h3 class=\"wp-block-heading alignwide\">\u041f\u043e\u0447\u0435\u043c\u0443 \u044f \u0432\u044b\u0431\u0440\u0430\u043b\u0430 \u044d\u0442\u0443 \u043f\u0440\u043e\u0444\u0435\u0441\u0441\u0438\u044e<\/h3>\n\n\n\n<p class=\"alignwide has-medium-font-size wp-block-paragraph\">\u042f \u0432\u044b\u0431\u0440\u0430\u043b\u0430 \u044d\u0442\u043e\u0442 \u043f\u0443\u0442\u044c, \u043f\u043e\u0442\u043e\u043c\u0443 \u0447\u0442\u043e \u0445\u043e\u0447\u0443 \u043f\u043e\u043c\u043e\u0433\u0430\u0442\u044c \u043b\u044e\u0434\u044f\u043c \u0441\u0442\u0440\u043e\u0438\u0442\u044c \u0444\u0438\u043d\u0430\u043d\u0441\u043e\u0432\u0443\u044e \u0441\u0442\u0430\u0431\u0438\u043b\u044c\u043d\u043e\u0441\u0442\u044c \u0438 \u043f\u0440\u0438\u043d\u0438\u043c\u0430\u0442\u044c \u043f\u0440\u0430\u0432\u0438\u043b\u044c\u043d\u044b\u0435 \u0440\u0435\u0448\u0435\u043d\u0438\u044f \u0432 \u0434\u043e\u043b\u0433\u043e\u0441\u0440\u043e\u0447\u043d\u043e\u0439 \u043f\u0435\u0440\u0441\u043f\u0435\u043a\u0442\u0438\u0432\u0435.<\/p>\n\n\n\n<p class=\"alignwide has-medium-font-size wp-block-paragraph\">\u041c\u0435\u043d\u044f \u043c\u043e\u0442\u0438\u0432\u0438\u0440\u0443\u0435\u0442, \u043a\u043e\u0433\u0434\u0430 \u043c\u043e\u0438 \u043a\u043b\u0438\u0435\u043d\u0442\u044b \u043e\u0431\u0440\u0435\u0442\u0430\u044e\u0442 \u0431\u043e\u043b\u044c\u0448\u0443\u044e \u044f\u0441\u043d\u043e\u0441\u0442\u044c, \u0438\u0437\u0431\u0435\u0433\u0430\u044e\u0442 \u043d\u0435\u043d\u0443\u0436\u043d\u044b\u0445 \u0440\u0430\u0441\u0445\u043e\u0434\u043e\u0432 \u0438 \u0441 \u0443\u0432\u0435\u0440\u0435\u043d\u043d\u043e\u0441\u0442\u044c\u044e \u0441\u043c\u043e\u0442\u0440\u044f\u0442 \u0432 \u0431\u0443\u0434\u0443\u0449\u0435\u0435.<\/p>\n<\/div>\n\n\n\n<hr class=\"wp-block-separator alignwide has-text-color has-custom-blau-color has-alpha-channel-opacity has-custom-blau-background-color has-background is-style-wide is-style-wide--3\" style=\"margin-top:var(--wp--preset--spacing--30);margin-bottom:var(--wp--preset--spacing--30)\"\/>\n\n\n\n<div class=\"wp-block-group alignwide has-global-padding is-layout-constrained wp-block-group-is-layout-constrained\">\n<h3 class=\"wp-block-heading alignwide\">\u0412\u0430\u0448\u0438 \u043f\u0440\u0435\u0438\u043c\u0443\u0449\u0435\u0441\u0442\u0432\u0430<\/h3>\n\n\n\n<ul class=\"wp-block-list\">\n<li class=\"has-medium-font-size\">\u041d\u0435\u0437\u0430\u0432\u0438\u0441\u0438\u043c\u043e\u0441\u0442\u044c \u0432 \u043a\u0430\u0447\u0435\u0441\u0442\u0432\u0435 \u0431\u0440\u043e\u043a\u0435\u0440\u0430<\/li>\n\n\n\n<li class=\"has-medium-font-size\">\u042f \u043d\u0430 \u0441\u0442\u043e\u0440\u043e\u043d\u0435 \u043a\u043b\u0438\u0435\u043d\u0442\u043e\u0432<\/li>\n\n\n\n<li class=\"has-medium-font-size\">\u0417\u0430\u043f\u0440\u043e\u0441\u044b \u0432 \u043d\u0435\u0441\u043a\u043e\u043b\u044c\u043a\u043e \u0431\u0430\u043d\u043a\u043e\u0432\/\u0441\u0442\u0440\u0430\u0445\u043e\u0432\u044b\u0445 \u043a\u043e\u043c\u043f\u0430\u043d\u0438\u0439<\/li>\n\n\n\n<li class=\"has-medium-font-size\">\u041a\u043e\u043d\u0442\u0440\u043e\u043b\u044c \u0438 \u0441\u043e\u043f\u0440\u043e\u0432\u043e\u0436\u0434\u0435\u043d\u0438\u0435<\/li>\n<\/ul>\n<\/div>\n\n\n\n<hr class=\"wp-block-separator alignwide has-text-color has-custom-blau-color has-alpha-channel-opacity has-custom-blau-background-color has-background is-style-wide is-style-wide--4\" style=\"margin-top:var(--wp--preset--spacing--30);margin-bottom:var(--wp--preset--spacing--30)\"\/>\n\n\n\n<div class=\"wp-block-group alignwide has-global-padding is-layout-constrained wp-block-group-is-layout-constrained\">\n<h3 class=\"wp-block-heading alignwide\">\u041c\u043e\u0438 \u0446\u0435\u043d\u043d\u043e\u0441\u0442\u0438<\/h3>\n\n\n\n<ul class=\"wp-block-list\">\n<li class=\"has-medium-font-size\">\u0427\u0435\u0441\u0442\u043d\u043e\u0441\u0442\u044c \u0432\u043c\u0435\u0441\u0442\u043e \u0434\u0430\u0432\u043b\u0435\u043d\u0438\u044f \u043f\u0440\u043e\u0434\u0430\u0436<\/li>\n\n\n\n<li class=\"has-medium-font-size\">\u041f\u0440\u043e\u0437\u0440\u0430\u0447\u043d\u043e\u0441\u0442\u044c \u0432\u043c\u0435\u0441\u0442\u043e \u043f\u0440\u043e\u0444\u0435\u0441\u0441\u0438\u043e\u043d\u0430\u043b\u044c\u043d\u043e\u0433\u043e \u0436\u0430\u0440\u0433\u043e\u043d\u0430<\/li>\n\n\n\n<li class=\"has-medium-font-size\">\u0418\u043d\u0434\u0438\u0432\u0438\u0434\u0443\u0430\u043b\u044c\u043d\u044b\u0435 \u0440\u0435\u0448\u0435\u043d\u0438\u044f \u0432\u043c\u0435\u0441\u0442\u043e \u0441\u0442\u0430\u043d\u0434\u0430\u0440\u0442\u043d\u044b\u0445 \u043f\u0440\u043e\u0434\u0443\u043a\u0442\u043e\u0432<\/li>\n\n\n\n<li class=\"has-medium-font-size\">\u0414\u043e\u043b\u0433\u043e\u0441\u0440\u043e\u0447\u043d\u043e\u0435 \u043e\u0431\u0441\u043b\u0443\u0436\u0438\u0432\u0430\u043d\u0438\u0435 \u0432\u043c\u0435\u0441\u0442\u043e \u043a\u0440\u0430\u0442\u043a\u043e\u0441\u0440\u043e\u0447\u043d\u044b\u0445 \u0441\u0434\u0435\u043b\u043e\u043a<\/li>\n<\/ul>\n<\/div>\n\n\n\n<hr class=\"wp-block-separator alignwide has-text-color has-custom-blau-color has-alpha-channel-opacity has-custom-blau-background-color has-background is-style-wide is-style-wide--5\" style=\"margin-top:var(--wp--preset--spacing--30);margin-bottom:var(--wp--preset--spacing--30)\"\/>\n\n\n\n<div class=\"wp-block-group alignwide has-global-padding is-layout-constrained wp-block-group-is-layout-constrained\">\n<h3 class=\"wp-block-heading alignwide\">\u042f \u0431\u0443\u0434\u0443 \u0440\u0430\u0434\u0430 \u0432\u0441\u0442\u0440\u0435\u0447\u0435 \u0441 \u0432\u0430\u043c\u0438<\/h3>\n\n\n\n<p class=\"alignwide has-medium-font-size wp-block-paragraph\" style=\"border-bottom-color:var(--wp--preset--color--base)\">\u0415\u0441\u043b\u0438 \u0443 \u0432\u0430\u0441 \u0432\u043e\u0437\u043d\u0438\u043a\u043d\u0443\u0442 \u0432\u043e\u043f\u0440\u043e\u0441\u044b \u0438\u043b\u0438 \u0432\u044b \u0437\u0430\u0445\u043e\u0442\u0438\u0442\u0435 \u0431\u0435\u0437 \u043e\u0431\u044f\u0437\u0430\u0442\u0435\u043b\u044c\u0441\u0442\u0432 \u043e\u0431\u0441\u0443\u0434\u0438\u0442\u044c \u0432\u0430\u0448\u0443 \u0444\u0438\u043d\u0430\u043d\u0441\u043e\u0432\u0443\u044e \u0441\u0438\u0442\u0443\u0430\u0446\u0438\u044e, \u044f \u043a \u0432\u0430\u0448\u0438\u043c \u0443\u0441\u043b\u0443\u0433\u0430\u043c.<\/p>\n<\/div>\n\n\n\n<hr class=\"wp-block-separator alignwide has-text-color has-custom-blau-color has-alpha-channel-opacity has-custom-blau-background-color has-background is-style-wide is-style-wide--6\" style=\"margin-top:var(--wp--preset--spacing--30);margin-bottom:var(--wp--preset--spacing--30)\"\/>\n\n\n\n<div class=\"wp-block-group alignwide has-global-padding is-layout-constrained wp-block-group-is-layout-constrained\">\n<h3 class=\"wp-block-heading alignwide\">\u0417\u0430\u0440\u0435\u0433\u0438\u0441\u0442\u0440\u0438\u0440\u043e\u0432\u0430\u043d\u043e \u0432 \u0440\u0435\u0435\u0441\u0442\u0440\u0435 \u043f\u043e\u0441\u0440\u0435\u0434\u043d\u0438\u043a\u043e\u0432<\/h3>\n\n\n\n<p class=\"alignwide has-medium-font-size wp-block-paragraph\"><strong><mark style=\"background-color:rgba(0, 0, 0, 0);color:#503AA8\" class=\"has-inline-color\">\u0421\u0442\u0440\u0430\u0445\u043e\u0432\u043e\u0439 \u0431\u0440\u043e\u043a\u0435\u0440<\/mark><\/strong>, \u0420\u0430\u0437\u0440\u0435\u0448\u0435\u043d\u0438\u0435 \u0432 \u0441\u043e\u043e\u0442\u0432\u0435\u0442\u0441\u0442\u0432\u0438\u0438 \u0441 \u00a7 34d \u0430\u0431\u0437. 1 \u0417\u0430\u043a\u043e\u043d\u0430 \u043e \u0442\u043e\u0440\u0433\u043e\u0432\u043b\u0435<\/p>\n\n\n\n<p class=\"alignwide has-medium-font-size wp-block-paragraph\">D-WWLE-RXGW7-39 \u2013 \u041e\u0442\u0432\u0435\u0442\u0441\u0442\u0432\u0435\u043d\u043d\u044b\u0439 \u043e\u0440\u0433\u0430\u043d: \u0418\u0422\u041f \u041a\u0430\u0441\u0441\u0435\u043b\u044c-\u041c\u0430\u0440\u0431\u0443\u0440\u0433<\/p>\n\n\n\n<p class=\"alignwide has-medium-font-size wp-block-paragraph\" style=\"border-top-color:var(--wp--preset--color--base);border-top-width:10px\"><mark style=\"background-color:rgba(0, 0, 0, 0);color:#503AA8\" class=\"has-inline-color\"><strong>\u0410\u0433\u0435\u043d\u0442 \u043f\u043e \u0438\u043f\u043e\u0442\u0435\u043a\u0435 \u0438 \u043a\u0440\u0435\u0434\u0438\u0442\u0443<\/strong><\/mark>, \u0420\u0430\u0437\u0440\u0435\u0448\u0435\u043d\u0438\u0435 \u0441\u043e\u0433\u043b\u0430\u0441\u043d\u043e \u00a7 34i \u0438 \u00a7 34c \u0430\u0431\u0437. 1 \u043f\u0440\u0435\u0434\u043b\u043e\u0436\u0435\u043d\u0438\u0435 1 \u0422\u043e\u0440\u0433\u043e\u0432\u043e\u0433\u043e \u043a\u043e\u0434\u0435\u043a\u0441\u0430<\/p>\n\n\n\n<p class=\"alignwide has-medium-font-size wp-block-paragraph\" style=\"border-bottom-color:var(--wp--preset--color--base);border-bottom-width:20px\">D-W-139-LB8L-65 \u2013 \u041e\u0442\u0432\u0435\u0442\u0441\u0442\u0432\u0435\u043d\u043d\u044b\u0439 \u043e\u0440\u0433\u0430\u043d: \u0420\u0430\u0439\u043e\u043d \u0425\u0435\u0440\u0441\u0444\u0435\u043b\u044c\u0434-\u0420\u043e\u0442\u0435\u043d\u0431\u0443\u0440\u0433<\/p>\n<\/div>\n<\/div>\n\n\n\n<p class=\"wp-block-paragraph\"><\/p>","protected":false},"excerpt":{"rendered":"<p>Ihre Expertin f\u00fcr Finanzen &amp; Versicherungen Kristina Reimer Finanzfachwirtin (FH) Seit \u00fcber 20 Jahren bin ich in der Versicherungs- und Finanzbranche t\u00e4tig und begleite Menschen dabei, ihre finanzielle Zukunft sicher und verst\u00e4ndlich zu gestalten. Vertrauen durch Klarheit Mein Anspruch ist es, meine Kunden ehrlich, transparent und unabh\u00e4ngig zu beraten.Dabei steht nicht der schnelle Abschluss im [&hellip;]<\/p>\n","protected":false},"author":1,"featured_media":0,"parent":0,"menu_order":0,"comment_status":"closed","ping_status":"closed","template":"onepager-mit-banner","meta":{"footnotes":""},"class_list":["post-10","page","type-page","status-publish","hentry"],"_links":{"self":[{"href":"https:\/\/finanzen-reimer.de\/ru\/wp-json\/wp\/v2\/pages\/10","targetHints":{"allow":["GET"]}}],"collection":[{"href":"https:\/\/finanzen-reimer.de\/ru\/wp-json\/wp\/v2\/pages"}],"about":[{"href":"https:\/\/finanzen-reimer.de\/ru\/wp-json\/wp\/v2\/types\/page"}],"author":[{"embeddable":true,"href":"https:\/\/finanzen-reimer.de\/ru\/wp-json\/wp\/v2\/users\/1"}],"replies":[{"embeddable":true,"href":"https:\/\/finanzen-reimer.de\/ru\/wp-json\/wp\/v2\/comments?post=10"}],"version-history":[{"count":9,"href":"https:\/\/finanzen-reimer.de\/ru\/wp-json\/wp\/v2\/pages\/10\/revisions"}],"predecessor-version":[{"id":471,"href":"https:\/\/finanzen-reimer.de\/ru\/wp-json\/wp\/v2\/pages\/10\/revisions\/471"}],"wp:attachment":[{"href":"https:\/\/finanzen-reimer.de\/ru\/wp-json\/wp\/v2\/media?parent=10"}],"curies":[{"name":"wp","href":"https:\/\/api.w.org\/{rel}","templated":true}]}}