{"id":22,"date":"2026-04-11T08:21:30","date_gmt":"2026-04-11T06:21:30","guid":{"rendered":"https:\/\/finanzen-reimer.de\/?page_id=22"},"modified":"2026-04-11T09:35:14","modified_gmt":"2026-04-11T07:35:14","slug":"datenschutz","status":"publish","type":"page","link":"https:\/\/finanzen-reimer.de\/ru\/datenschutz\/","title":{"rendered":"\u041a\u043e\u043d\u0444\u0438\u0434\u0435\u043d\u0446\u0438\u0430\u043b\u044c\u043d\u043e\u0441\u0442\u044c"},"content":{"rendered":"<div class=\"wp-block-group alignfull is-style-default has-global-padding is-layout-constrained wp-container-core-group-is-layout-f8ec194a wp-block-group-is-layout-constrained\" style=\"padding-top:var(--wp--preset--spacing--50);padding-right:var(--wp--preset--spacing--50);padding-bottom:var(--wp--preset--spacing--50);padding-left:var(--wp--preset--spacing--50)\">\n<div class=\"wp-block-group has-global-padding is-layout-constrained wp-container-core-group-is-layout-0656e23a wp-block-group-is-layout-constrained\">\n<h1 class=\"wp-block-heading has-text-align-center has-x-large-font-size\">Datenschutzerkl\u00e4rung<\/h1>\n\n\n\n<div style=\"height:1.25rem\" aria-hidden=\"true\" class=\"wp-block-spacer\"><\/div>\n\n\n\n<p class=\"wp-block-paragraph\"><strong>1. Verantwortlicher<\/strong><\/p>\n\n\n\n<p class=\"wp-block-paragraph\">Verantwortlich f\u00fcr die Datenverarbeitung auf dieser Website ist:<\/p>\n\n\n\n<p class=\"wp-block-paragraph\">\u041a\u0440\u0438\u0441\u0442\u0438\u043d\u0430 \u0420\u0430\u0439\u043c\u0435\u0440<\/p>\n\n\n\n<p class=\"wp-block-paragraph\">\u041a\u0430\u043d\u0442\u0448\u0442\u0440\u0430\u0441\u0441\u0435 18<\/p>\n\n\n\n<p class=\"wp-block-paragraph\">36282 \u0425\u0430\u0443\u043d\u044d\u043a-\u041e\u0431\u0435\u0440\u0445\u0430\u0443\u043d<\/p>\n\n\n\n<p class=\"wp-block-paragraph\">\u0413\u0435\u0440\u043c\u0430\u043d\u0438\u044f<br>\u042d\u043b\u0435\u043a\u0442\u0440\u043e\u043d\u043d\u0430\u044f \u043f\u043e\u0447\u0442\u0430: info@finanzen-reimer.de<\/p>\n\n\n\n<p class=\"wp-block-paragraph\"><strong>2. Hosting<\/strong><\/p>\n\n\n\n<p class=\"wp-block-paragraph\">Diese Website wird bei folgendem Anbieter gehostet:<\/p>\n\n\n\n<p class=\"wp-block-paragraph\">ALL-INKL.COM \u2013 Neue Medien M\u00fcnnich<br>Hauptstra\u00dfe 68<br>02742 Friedersdorf<br>\u0413\u0435\u0440\u043c\u0430\u043d\u0438\u044f<\/p>\n\n\n\n<p class=\"wp-block-paragraph\">Beim Aufruf dieser Website erfasst der Hostinganbieter automatisch sogenannte Server-Logfiles. Diese enthalten:<\/p>\n\n\n\n<p class=\"wp-block-paragraph\">&#8211; IP-Adresse<\/p>\n\n\n\n<p class=\"wp-block-paragraph\">&#8211; Datum und Uhrzeit der Anfrage<\/p>\n\n\n\n<p class=\"wp-block-paragraph\">&#8211; Browsertyp und -version<\/p>\n\n\n\n<p class=\"wp-block-paragraph\">&#8211; Betriebssystem<\/p>\n\n\n\n<p class=\"wp-block-paragraph\">&#8211; Referrer-URL<\/p>\n\n\n\n<p class=\"wp-block-paragraph\">&#8211; aufgerufene Seiten<\/p>\n\n\n\n<p class=\"wp-block-paragraph\">Die Verarbeitung erfolgt zur Sicherstellung eines st\u00f6rungsfreien Betriebs der Website sowie zur Verbesserung unseres Angebots.<\/p>\n\n\n\n<p class=\"wp-block-paragraph\">Rechtsgrundlage ist Art. 6 Abs. 1 lit. f DSGVO (berechtigtes Interesse).<\/p>\n\n\n\n<p class=\"wp-block-paragraph\"><strong>3. Content-Management-System (WordPress)<\/strong><\/p>\n\n\n\n<p class=\"wp-block-paragraph\">Diese Website nutzt das Content-Management-System WordPress. Es werden keine Tracking- oder Analyse-Plugins verwendet.<\/p>\n\n\n\n<p class=\"wp-block-paragraph\"><strong>4. Cookies<\/strong><\/p>\n\n\n\n<p class=\"wp-block-paragraph\">Diese Website verwendet technisch notwendige Cookies.<\/p>\n\n\n\n<p class=\"wp-block-paragraph\">Diese dienen ausschlie\u00dflich der technischen Bereitstellung der Website. Rechtsgrundlage ist Art. 6 Abs. 1 lit. f DSGVO.<\/p>\n\n\n\n<p class=\"wp-block-paragraph\"><strong>5. Kontaktaufnahme<\/strong><\/p>\n\n\n\n<p class=\"wp-block-paragraph\">Wenn Sie per E-Mail Kontakt aufnehmen, werden Ihre Angaben zur Bearbeitung der Anfrage gespeichert.<\/p>\n\n\n\n<p class=\"wp-block-paragraph\">Rechtsgrundlage ist Art. 6 Abs. 1 lit. b DSGVO.<\/p>\n\n\n\n<p class=\"wp-block-paragraph\"><strong>6. Ihre Rechte<\/strong><\/p>\n\n\n\n<p class=\"wp-block-paragraph\">Sie haben jederzeit das Recht auf:<\/p>\n\n\n\n<p class=\"wp-block-paragraph\">&#8211; Auskunft<\/p>\n\n\n\n<p class=\"wp-block-paragraph\">&#8211; Berichtigung<\/p>\n\n\n\n<p class=\"wp-block-paragraph\">&#8211; L\u00f6schung<\/p>\n\n\n\n<p class=\"wp-block-paragraph\">&#8211; Einschr\u00e4nkung der Verarbeitung<\/p>\n\n\n\n<p class=\"wp-block-paragraph\">&#8211; Widerspruch gegen die Verarbeitung<\/p>\n\n\n\n<p class=\"wp-block-paragraph\">&#8211; Daten\u00fcbertragbarkeit<\/p>\n\n\n\n<p class=\"wp-block-paragraph\">Au\u00dferdem steht Ihnen ein Beschwerderecht bei einer Datenschutz-Aufsichtsbeh\u00f6rde zu.<\/p>\n\n\n\n<p class=\"wp-block-paragraph\"><strong>7. SSL-Verschl\u00fcsselung<\/strong><\/p>\n\n\n\n<p class=\"wp-block-paragraph\">Diese Website nutzt aus Sicherheitsgr\u00fcnden eine SSL-Verschl\u00fcsselung.<\/p>\n\n\n\n<div style=\"height:19px\" aria-hidden=\"true\" class=\"wp-block-spacer\"><\/div>\n<\/div>\n<\/div>","protected":false},"excerpt":{"rendered":"<p>Datenschutzerkl\u00e4rung 1. Verantwortlicher Verantwortlich f\u00fcr die Datenverarbeitung auf dieser Website ist: Kristina Reimer Kantstra\u00dfe 18 36282 Hauneck\/Oberhaun DeutschlandE-Mail: info@finanzen-reimer.de 2. Hosting Diese Website wird bei folgendem Anbieter gehostet: ALL-INKL.COM \u2013 Neue Medien M\u00fcnnichHauptstra\u00dfe 6802742 FriedersdorfDeutschland Beim Aufruf dieser Website erfasst der Hostinganbieter automatisch sogenannte Server-Logfiles. Diese enthalten: &#8211; IP-Adresse &#8211; Datum und Uhrzeit der Anfrage [&hellip;]<\/p>\n","protected":false},"author":1,"featured_media":0,"parent":0,"menu_order":0,"comment_status":"closed","ping_status":"closed","template":"onepager-mit-banner","meta":{"footnotes":""},"class_list":["post-22","page","type-page","status-publish","hentry"],"_links":{"self":[{"href":"https:\/\/finanzen-reimer.de\/ru\/wp-json\/wp\/v2\/pages\/22","targetHints":{"allow":["GET"]}}],"collection":[{"href":"https:\/\/finanzen-reimer.de\/ru\/wp-json\/wp\/v2\/pages"}],"about":[{"href":"https:\/\/finanzen-reimer.de\/ru\/wp-json\/wp\/v2\/types\/page"}],"author":[{"embeddable":true,"href":"https:\/\/finanzen-reimer.de\/ru\/wp-json\/wp\/v2\/users\/1"}],"replies":[{"embeddable":true,"href":"https:\/\/finanzen-reimer.de\/ru\/wp-json\/wp\/v2\/comments?post=22"}],"version-history":[{"count":3,"href":"https:\/\/finanzen-reimer.de\/ru\/wp-json\/wp\/v2\/pages\/22\/revisions"}],"predecessor-version":[{"id":93,"href":"https:\/\/finanzen-reimer.de\/ru\/wp-json\/wp\/v2\/pages\/22\/revisions\/93"}],"wp:attachment":[{"href":"https:\/\/finanzen-reimer.de\/ru\/wp-json\/wp\/v2\/media?parent=22"}],"curies":[{"name":"wp","href":"https:\/\/api.w.org\/{rel}","templated":true}]}}