{"id":26,"date":"2026-04-11T08:23:15","date_gmt":"2026-04-11T06:23:15","guid":{"rendered":"https:\/\/finanzen-reimer.de\/?page_id=26"},"modified":"2026-04-20T21:14:07","modified_gmt":"2026-04-20T19:14:07","slug":"startseite","status":"publish","type":"page","link":"https:\/\/finanzen-reimer.de\/ru\/","title":{"rendered":"\u0413\u043b\u0430\u0432\u043d\u0430\u044f"},"content":{"rendered":"<div class=\"wp-block-group alignfull has-global-padding is-layout-constrained wp-block-group-is-layout-constrained\" style=\"margin-top:0;margin-bottom:0;padding-top:var(--wp--preset--spacing--50);padding-bottom:var(--wp--preset--spacing--50)\">\n<div class=\"wp-block-group alignfull has-global-padding is-layout-constrained wp-block-group-is-layout-constrained\" style=\"margin-top:0;margin-bottom:0;padding-top:var(--wp--preset--spacing--50);padding-bottom:var(--wp--preset--spacing--50)\">\n<div class=\"wp-block-columns alignwide is-layout-flex wp-container-core-columns-is-layout-89463222 wp-block-columns-is-layout-flex\">\n<div class=\"wp-block-column is-vertically-aligned-center is-layout-flow wp-block-column-is-layout-flow\">\n<div class=\"wp-block-group is-vertical is-layout-flex wp-container-core-group-is-layout-046573ac wp-block-group-is-layout-flex\">\n<h1 class=\"wp-block-heading text-break has-contrast-color has-text-color has-link-color has-x-large-font-size wp-elements-8bc91deca64b9a2951678a3a4750861c\">\u0418\u043d\u0434\u0438\u0432\u0438\u0434\u0443\u0430\u043b\u044c\u043d\u043e\u0435 \u043a\u043e\u043d\u0441\u0443\u043b\u044c\u0442\u0438\u0440\u043e\u0432\u0430\u043d\u0438\u0435 \u043f\u043e \u0432\u043e\u043f\u0440\u043e\u0441\u0430\u043c <strong>\u0421\u0442\u0440\u0430\u0445\u043e\u0432\u0430\u043d\u0438\u0435, \u0444\u0438\u043d\u0430\u043d\u0441\u0438\u0440\u043e\u0432\u0430\u043d\u0438\u0435 \u043d\u0435\u0434\u0432\u0438\u0436\u0438\u043c\u043e\u0441\u0442\u0438, \u043d\u0430\u043a\u043e\u043f\u043b\u0435\u043d\u0438\u0435 \u043a\u0430\u043f\u0438\u0442\u0430\u043b\u0430<\/strong>  \u2013 \u043f\u0440\u043e\u0437\u0440\u0430\u0447\u043d\u043e, \u043f\u043e\u043d\u044f\u0442\u043d\u043e \u0438 \u0441\u043e\u0433\u043b\u0430\u0441\u043e\u0432\u0430\u043d\u043e \u0441 \u0432\u0430\u0448\u0435\u0439 \u043b\u0438\u0447\u043d\u043e\u0439 \u0438\u043b\u0438 \u0434\u0435\u043b\u043e\u0432\u043e\u0439 \u0441\u0438\u0442\u0443\u0430\u0446\u0438\u0435\u0439.<\/h1>\n\n\n\n<div class=\"wp-block-buttons is-content-justification-center is-layout-flex wp-container-core-buttons-is-layout-c831dcd5 wp-block-buttons-is-layout-flex\" style=\"margin-top:var(--wp--preset--spacing--30);margin-bottom:var(--wp--preset--spacing--30)\">\n<div class=\"wp-block-button\"><a class=\"wp-block-button__link has-custom-hell-color has-custom-blau-background-color has-text-color has-background has-link-color wp-element-button\" href=\"https:\/\/finanzen-reimer.de\/ru\/leistungen\/\" style=\"border-top-left-radius:9px;border-top-right-radius:9px;border-bottom-left-radius:9px;border-bottom-right-radius:9px\">\u041e\u0442\u043a\u0440\u044b\u0442\u044c \u043f\u0440\u0435\u0438\u043c\u0443\u0449\u0435\u0441\u0442\u0432\u0430<\/a><\/div>\n<\/div>\n<\/div>\n<\/div>\n\n\n\n<div class=\"wp-block-column is-vertically-aligned-center is-layout-flow wp-block-column-is-layout-flow\">\n<figure class=\"wp-block-image size-full is-resized\"><img loading=\"lazy\" decoding=\"async\" width=\"1080\" height=\"1692\" src=\"https:\/\/finanzen-reimer.de\/wp-content\/uploads\/2026\/04\/Foto-Profil.jpg\" alt=\"\" class=\"wp-image-233\" style=\"aspect-ratio:1;object-fit:cover;object-position:55% 21%;width:464px;height:auto\" srcset=\"https:\/\/finanzen-reimer.de\/wp-content\/uploads\/2026\/04\/Foto-Profil.jpg 1080w, https:\/\/finanzen-reimer.de\/wp-content\/uploads\/2026\/04\/Foto-Profil-191x300.jpg 191w, https:\/\/finanzen-reimer.de\/wp-content\/uploads\/2026\/04\/Foto-Profil-654x1024.jpg 654w, https:\/\/finanzen-reimer.de\/wp-content\/uploads\/2026\/04\/Foto-Profil-768x1203.jpg 768w, https:\/\/finanzen-reimer.de\/wp-content\/uploads\/2026\/04\/Foto-Profil-980x1536.jpg 980w\" sizes=\"auto, (max-width: 1080px) 100vw, 1080px\" \/><\/figure>\n<\/div>\n<\/div>\n<\/div>\n<\/div>\n\n\n\n<div class=\"wp-block-group alignfull is-style-section-5 has-custom-blau-background-color has-background has-global-padding is-layout-constrained wp-container-core-group-is-layout-d879dc62 wp-block-group-is-layout-constrained is-style-section-5--1\" style=\"min-height:0vh;margin-top:0;margin-bottom:0;padding-top:var(--wp--preset--spacing--60);padding-right:var(--wp--preset--spacing--40);padding-bottom:var(--wp--preset--spacing--60);padding-left:var(--wp--preset--spacing--40)\">\n<div class=\"wp-block-group alignwide has-global-padding is-layout-constrained wp-container-core-group-is-layout-29175183 wp-block-group-is-layout-constrained\">\n<h2 class=\"wp-block-heading has-text-align-center alignwide has-xx-large-font-size\" style=\"margin-right:0;margin-left:0;padding-right:0;padding-left:0\">\u0414\u0430\u0432\u0430\u0439\u0442\u0435 \u043f\u043e\u0433\u043e\u0432\u043e\u0440\u0438\u043c<\/h2>\n\n\n\n<p class=\"has-text-align-center alignwide wp-block-paragraph\">\u042f \u0441 \u0443\u0434\u043e\u0432\u043e\u043b\u044c\u0441\u0442\u0432\u0438\u0435\u043c \u0443\u0434\u0435\u043b\u044e \u0432\u0440\u0435\u043c\u044f \u0432\u0430\u0448\u0435\u043c\u0443 \u0437\u0430\u043f\u0440\u043e\u0441\u0443 \u0438 \u0432\u043c\u0435\u0441\u0442\u0435 \u0441 \u0432\u0430\u043c\u0438 \u043d\u0430\u0439\u0434\u0443 \u043f\u043e\u0434\u0445\u043e\u0434\u044f\u0449\u0435\u0435 \u0440\u0435\u0448\u0435\u043d\u0438\u0435.<\/p>\n\n\n\n<div class=\"wp-block-buttons has-custom-blau-background-color has-background is-content-justification-center is-layout-flex wp-container-core-buttons-is-layout-35f06ea7 wp-block-buttons-is-layout-flex\">\n<div class=\"wp-block-button\"><a class=\"wp-block-button__link has-custom-blau-color has-base-background-color has-text-color has-background has-link-color wp-element-button\" href=\"https:\/\/finanzen-reimer.de\/ru\/kontakt\/\" style=\"border-top-left-radius:9px;border-top-right-radius:9px;border-bottom-left-radius:9px;border-bottom-right-radius:9px\">\u0417\u0430\u043f\u0438\u0441\u0430\u0442\u044c\u0441\u044f \u043d\u0430 \u043f\u0435\u0440\u0432\u0443\u044e \u043a\u043e\u043d\u0441\u0443\u043b\u044c\u0442\u0430\u0446\u0438\u044e<\/a><\/div>\n<\/div>\n<\/div>\n<\/div>\n\n\n\n<div class=\"wp-block-group alignfull has-global-padding is-layout-constrained wp-block-group-is-layout-constrained\" style=\"margin-top:0;margin-bottom:0;padding-top:var(--wp--preset--spacing--50);padding-bottom:var(--wp--preset--spacing--50)\">\n<h2 class=\"wp-block-heading alignwide has-x-large-font-size\">\u042f \u043f\u043e\u0437\u0430\u0431\u043e\u0447\u0443\u0441\u044c \u043e \u0442\u043e\u043c, \u0447\u0442\u043e\u0431\u044b \u0432\u0430\u0448\u0438 \u0444\u0438\u043d\u0430\u043d\u0441\u044b \u0438 \u0441\u0442\u0440\u0430\u0445\u043e\u0432\u043a\u0430 \u0441\u043e\u043e\u0442\u0432\u0435\u0442\u0441\u0442\u0432\u043e\u0432\u0430\u043b\u0438 \u0432\u0430\u0448\u0435\u0439 \u0436\u0438\u0437\u043d\u0438, \u0430 \u043d\u0435 \u043d\u0430\u043e\u0431\u043e\u0440\u043e\u0442.<\/h2>\n\n\n\n<p class=\"wp-block-paragraph\" style=\"border-top-color:var(--wp--preset--color--base);border-top-width:25px;border-right-style:none;border-right-width:0px;border-bottom-style:none;border-bottom-width:0px;border-left-style:none;border-left-width:0px\">\u2714 \u041f\u0435\u0440\u0441\u043e\u043d\u0430\u043b\u044c\u043d\u044b\u0439 \u0430\u043d\u0430\u043b\u0438\u0437 \u0432\u0430\u0448\u0435\u0439 \u0441\u0438\u0442\u0443\u0430\u0446\u0438\u0438<br>\u2714 \u041c\u043d\u043e\u0433\u043e\u044f\u0437\u044b\u0447\u043d\u0430\u044f \u043a\u043e\u043d\u0441\u0443\u043b\u044c\u0442\u0430\u0446\u0438\u044f \u043d\u0430 \u043d\u0435\u043c\u0435\u0446\u043a\u043e\u043c \u0438 \u0440\u0443\u0441\u0441\u043a\u043e\u043c \u044f\u0437\u044b\u043a\u0430\u0445<br>\u2714 \u0418\u043d\u0434\u0438\u0432\u0438\u0434\u0443\u0430\u043b\u044c\u043d\u044b\u0435 \u0440\u0435\u0448\u0435\u043d\u0438\u044f \u0432\u043c\u0435\u0441\u0442\u043e \u0441\u0442\u0430\u043d\u0434\u0430\u0440\u0442\u043d\u044b\u0445 \u043f\u0440\u043e\u0434\u0443\u043a\u0442\u043e\u0432<br>\u2714 \u0414\u043e\u043b\u0433\u043e\u0441\u0440\u043e\u0447\u043d\u043e\u0435 \u0441\u043e\u043f\u0440\u043e\u0432\u043e\u0436\u0434\u0435\u043d\u0438\u0435<\/p>\n<\/div>","protected":false},"excerpt":{"rendered":"<p>Individuelle Beratung rund um Versicherungen, Immobilienfinanzierungen, Verm\u00f6gensaufbau \u2013 transparent, verst\u00e4ndlich und auf Ihre pers\u00f6nliche oder betriebliche Situation abgestimmt. Lassen Sie uns sprechen Gerne nehme ich mir Zeit f\u00fcr Ihr Anliegen und finde gemeinsam mit Ihnen die passende L\u00f6sung. Ich sorge daf\u00fcr, dass Ihre Finanzen und Versicherungen zu Ihrem Leben passen \u2013 nicht umgekehrt. \u2714 Pers\u00f6nliche [&hellip;]<\/p>\n","protected":false},"author":1,"featured_media":0,"parent":0,"menu_order":0,"comment_status":"closed","ping_status":"closed","template":"onepager-mit-banner","meta":{"footnotes":""},"class_list":["post-26","page","type-page","status-publish","hentry"],"_links":{"self":[{"href":"https:\/\/finanzen-reimer.de\/ru\/wp-json\/wp\/v2\/pages\/26","targetHints":{"allow":["GET"]}}],"collection":[{"href":"https:\/\/finanzen-reimer.de\/ru\/wp-json\/wp\/v2\/pages"}],"about":[{"href":"https:\/\/finanzen-reimer.de\/ru\/wp-json\/wp\/v2\/types\/page"}],"author":[{"embeddable":true,"href":"https:\/\/finanzen-reimer.de\/ru\/wp-json\/wp\/v2\/users\/1"}],"replies":[{"embeddable":true,"href":"https:\/\/finanzen-reimer.de\/ru\/wp-json\/wp\/v2\/comments?post=26"}],"version-history":[{"count":10,"href":"https:\/\/finanzen-reimer.de\/ru\/wp-json\/wp\/v2\/pages\/26\/revisions"}],"predecessor-version":[{"id":472,"href":"https:\/\/finanzen-reimer.de\/ru\/wp-json\/wp\/v2\/pages\/26\/revisions\/472"}],"wp:attachment":[{"href":"https:\/\/finanzen-reimer.de\/ru\/wp-json\/wp\/v2\/media?parent=26"}],"curies":[{"name":"wp","href":"https:\/\/api.w.org\/{rel}","templated":true}]}}